{"id":650,"date":"2019-10-07T13:11:28","date_gmt":"2019-10-07T11:11:28","guid":{"rendered":"https:\/\/skb.se\/catchnet\/?page_id=650"},"modified":"2024-02-23T10:30:05","modified_gmt":"2024-02-23T09:30:05","slug":"annual-meeting-2022","status":"publish","type":"page","link":"https:\/\/skb.se\/catchnet\/meetings-and-presentations\/annual-meeting-2022\/","title":{"rendered":"Annual Meeting 2022"},"content":{"rendered":"<p>[skb_content_header images=&#8221;872&#8243;][\/skb_content_header][vc_column_text]<\/p>\n<h2>Annual Meeting 2022<\/h2>\n<p>Stockholm, September 2022<\/p>\n<h4><\/h4>\n<p>[\/vc_column_text][vc_column_text]<\/p>\n<h3>Presentations<\/h3>\n<table style=\"border-collapse: collapse; width: 100%; height: 282px;\">\n<tbody>\n<tr style=\"height: 66px;\">\n<td style=\"width: 7.74506%; height: 66px;\"><\/td>\n<td style=\"width: 58.9215%; height: 66px;\">\n<h6>Title<\/h6>\n<\/td>\n<td style=\"width: 33.3333%; height: 66px;\">\n<h6>Name and organisation<\/h6>\n<\/td>\n<\/tr>\n<tr style=\"height: 24px;\">\n<td style=\"width: 7.74506%; text-align: center; height: 24px;\"><\/td>\n<td style=\"width: 58.9215%; height: 24px;\"><a href=\"https:\/\/skb.se\/catchnet\/wp-content\/uploads\/2023\/02\/CatchNet_2022_Presentation_1-Mikkel_CN_annual_meeting_22september2022.pdf\">Enigmatic groundwater in Greenland\u2019s permafrost<\/a><\/td>\n<td style=\"width: 33.3333%; height: 24px;\">Mikkel Toft Hornum (K\u00f8benhavns Universitet)<\/td>\n<\/tr>\n<tr style=\"height: 24px;\">\n<td style=\"width: 7.74506%; text-align: center; height: 24px;\"><\/td>\n<td style=\"width: 58.9215%; height: 24px;\"><a href=\"https:\/\/skb.se\/catchnet\/wp-content\/uploads\/2023\/02\/CatchNet_2022_Presentation_2-Petersen_NJ_Catchnet_2022_v2.pdf\">Influence of permafrost distribution on groundwater residence time and groundwater\u2014surface water interactions<\/a><\/td>\n<td style=\"width: 33.3333%; height: 24px;\">Niklas Jannok Petersen (McGill University)<\/td>\n<\/tr>\n<tr style=\"height: 24px;\">\n<td style=\"width: 7.74506%; text-align: center; height: 24px;\"><\/td>\n<td style=\"width: 58.9215%; height: 24px;\"><a href=\"https:\/\/skb.se\/catchnet\/wp-content\/uploads\/2023\/02\/CatchNet_2022_Presentation_3-M_Malmir_CatchNET_2022_v3.pdf\">Numerical modelling of deep permafrost-impacted groundwater flow systems under climate change<\/a><\/td>\n<td style=\"width: 33.3333%; height: 24px;\">Masha Malmir (Universit\u00e9 Laval)<\/td>\n<\/tr>\n<tr style=\"height: 24px;\">\n<td style=\"width: 7.74506%; text-align: center; height: 24px;\"><\/td>\n<td style=\"width: 58.9215%; height: 24px;\"><a href=\"https:\/\/skb.se\/catchnet\/wp-content\/uploads\/2023\/02\/CatchNet_2022_Presentation_6-CatchNet-Annual-meeting-2022-Rydberg.pdf\">Fluvial transport in a periglacial environment<\/a><\/td>\n<td style=\"width: 33.3333%; height: 24px;\">Johan Rydberg (Ume\u00e5 Universitet)<\/td>\n<\/tr>\n<tr style=\"height: 24px;\">\n<td style=\"width: 7.74506%; text-align: center; height: 24px;\"><\/td>\n<td style=\"width: 58.9215%; height: 24px;\"><a href=\"https:\/\/skb.se\/catchnet\/wp-content\/uploads\/2023\/02\/CatchNet_2022_Presentation_7-22-09-22-Catchnet-talik.forming-10.pdf\">Developing numerical models for investigating talik forming and stability from scratch<\/a><\/td>\n<td style=\"width: 33.3333%; height: 24px;\">Klaus-Peer Kr\u00f6hn (Gesellschaft f\u00fcr Anlagen- und Reaktorsicherheit, GRS)<\/td>\n<\/tr>\n<tr style=\"height: 24px;\">\n<td style=\"width: 7.74506%; text-align: center; height: 24px;\"><\/td>\n<td style=\"width: 58.9215%; height: 24px;\"><a href=\"https:\/\/skb.se\/catchnet\/wp-content\/uploads\/2023\/02\/CatchNet_2022_Presentation_8-COMSOL_157_Surfacenet_20220916_v3.pdf\">Analysing the role of the regolith over the placement of the discharge areas<\/a><\/td>\n<td style=\"width: 33.3333%; height: 24px;\">Elena Abarca &amp; Diego Sampietro (Amphos 21)<\/td>\n<\/tr>\n<tr style=\"height: 24px;\">\n<td style=\"width: 7.74506%; text-align: center; height: 24px;\"><\/td>\n<td style=\"width: 58.9215%; height: 24px;\"><a href=\"https:\/\/skb.se\/catchnet\/wp-content\/uploads\/2023\/02\/CatchNet_2022_Presentation_9-SurfaceNet_220922_Marten_S.pdf\">Wetland modelling in Forsmark<\/a><\/td>\n<td style=\"width: 33.3333%; height: 24px;\">M\u00e5rten Str\u00f6mgren (Ume\u00e5 Universitet)<\/td>\n<\/tr>\n<tr style=\"height: 24px;\">\n<td style=\"width: 7.74506%; text-align: center; height: 24px;\"><\/td>\n<td style=\"width: 58.9215%; height: 24px;\"><a href=\"https:\/\/skb.se\/catchnet\/wp-content\/uploads\/2023\/02\/CatchNet_2022_Presentation_10-GAP_HM_I2EM_september_2022.pdf\">Modelling hydro-mechanical coupling under ice sheet conditions in Greenland: preliminary results<\/a><\/td>\n<td style=\"width: 33.3333%; height: 24px;\">Olivier Jaquet &amp; Rabah Namar (In2Earth)<\/td>\n<\/tr>\n<tr style=\"height: 24px;\">\n<td style=\"width: 7.74506%; text-align: center; height: 24px;\"><\/td>\n<td style=\"width: 58.9215%; height: 24px;\"><a href=\"https:\/\/skb.se\/catchnet\/wp-content\/uploads\/2023\/02\/CatchNet_2022_Presentation_11-Visualisation-of-freezing-groundwater-in-fractures.pdf\">Experimental work on the visualization of freezing groundwater in fractures<\/a><\/td>\n<td style=\"width: 33.3333%; height: 24px;\">Michael Kr\u00f6hn (Gesellschaft f\u00fcr Anlagen- und Reaktorsicherheit, GRS)<\/td>\n<\/tr>\n<\/tbody>\n<\/table>\n<p>[\/vc_column_text][skb_content_sidebar][\/skb_content_sidebar]<\/p>\n","protected":false},"excerpt":{"rendered":"<p>[skb_content_header images=&#8221;872&#8243;][\/skb_content_header][vc_column_text] Annual Meeting 2022 Stockholm, September 2022 [\/vc_column_text][vc_column_text] Presentations Title Name and organisation Enigmatic groundwater in Greenland\u2019s permafrost Mikkel Toft Hornum (K\u00f8benhavns Universitet) Influence of permafrost distribution on groundwater residence time and groundwater\u2014surface water interactions Niklas Jannok Petersen (McGill University) Numerical modelling of deep permafrost-impacted groundwater flow systems under climate change Masha Malmir (Universit\u00e9 [&hellip;]<\/p>\n","protected":false},"author":10,"featured_media":0,"parent":420,"menu_order":0,"comment_status":"closed","ping_status":"closed","template":"","meta":{"_acf_changed":false,"footnotes":""},"tags":[],"class_list":["post-650","page","type-page","status-publish","hentry"],"acf":[],"_links":{"self":[{"href":"https:\/\/skb.se\/catchnet\/wp-json\/wp\/v2\/pages\/650","targetHints":{"allow":["GET"]}}],"collection":[{"href":"https:\/\/skb.se\/catchnet\/wp-json\/wp\/v2\/pages"}],"about":[{"href":"https:\/\/skb.se\/catchnet\/wp-json\/wp\/v2\/types\/page"}],"author":[{"embeddable":true,"href":"https:\/\/skb.se\/catchnet\/wp-json\/wp\/v2\/users\/10"}],"replies":[{"embeddable":true,"href":"https:\/\/skb.se\/catchnet\/wp-json\/wp\/v2\/comments?post=650"}],"version-history":[{"count":11,"href":"https:\/\/skb.se\/catchnet\/wp-json\/wp\/v2\/pages\/650\/revisions"}],"predecessor-version":[{"id":1033,"href":"https:\/\/skb.se\/catchnet\/wp-json\/wp\/v2\/pages\/650\/revisions\/1033"}],"up":[{"embeddable":true,"href":"https:\/\/skb.se\/catchnet\/wp-json\/wp\/v2\/pages\/420"}],"wp:attachment":[{"href":"https:\/\/skb.se\/catchnet\/wp-json\/wp\/v2\/media?parent=650"}],"wp:term":[{"taxonomy":"post_tag","embeddable":true,"href":"https:\/\/skb.se\/catchnet\/wp-json\/wp\/v2\/tags?post=650"}],"curies":[{"name":"wp","href":"https:\/\/api.w.org\/{rel}","templated":true}]}}